{"id":10040,"date":"2023-04-08T17:59:56","date_gmt":"2023-04-08T15:59:56","guid":{"rendered":"https:\/\/nirvanjavan.com\/privacy-policy\/"},"modified":"2026-03-26T09:32:45","modified_gmt":"2026-03-26T08:32:45","slug":"privacy-policy","status":"publish","type":"page","link":"https:\/\/nirvanjavan.com\/de\/privacy-policy\/","title":{"rendered":"Datenschutzbestimmungen"},"content":{"rendered":"<p>Ihr Vertrauen ist uns wichtig. Deshalb nehmen wir das Thema Datenschutz ernst und achten auf entsprechende Sicherheit. Selbstverst\u00e4ndlich beachten wir die einschl\u00e4gigen Bestimmungen des Bundesgesetzes \u00fcber den Datenschutz (DSG), der Verordnung zum Bundesgesetz \u00fcber den Datenschutz (VDSG), des Fernmeldegesetzes (FMG) und anderer anwendbarer Datenschutzvorschriften.<\/p>\n<p>Damit Sie wissen, welche personenbezogenen Daten wir von Ihnen erheben und f\u00fcr welche Zwecke wir sie verwenden, nehmen Sie bitte die folgenden Informationen zur Kenntnis.<\/p>\n","protected":false},"excerpt":{"rendered":"<p>Ihr Vertrauen ist uns wichtig. Deshalb nehmen wir das Thema Datenschutz ernst und achten auf entsprechende Sicherheit. Selbstverst\u00e4ndlich beachten wir die einschl\u00e4gigen Bestimmungen des Bundesgesetzes \u00fcber den Datenschutz (DSG), der Verordnung zum Bundesgesetz \u00fcber den Datenschutz (VDSG), des Fernmeldegesetzes (FMG) und anderer anwendbarer Datenschutzvorschriften. Damit Sie wissen, welche personenbezogenen Daten wir von Ihnen erheben und [&hellip;]<\/p>\n","protected":false},"author":1,"featured_media":0,"parent":0,"menu_order":0,"comment_status":"closed","ping_status":"closed","template":"template-legal.php","meta":{"_acf_changed":false,"footnotes":""},"class_list":["post-10040","page","type-page","status-publish","hentry"],"acf":[],"_links":{"self":[{"href":"https:\/\/nirvanjavan.com\/de\/wp-json\/wp\/v2\/pages\/10040","targetHints":{"allow":["GET"]}}],"collection":[{"href":"https:\/\/nirvanjavan.com\/de\/wp-json\/wp\/v2\/pages"}],"about":[{"href":"https:\/\/nirvanjavan.com\/de\/wp-json\/wp\/v2\/types\/page"}],"author":[{"embeddable":true,"href":"https:\/\/nirvanjavan.com\/de\/wp-json\/wp\/v2\/users\/1"}],"replies":[{"embeddable":true,"href":"https:\/\/nirvanjavan.com\/de\/wp-json\/wp\/v2\/comments?post=10040"}],"version-history":[{"count":0,"href":"https:\/\/nirvanjavan.com\/de\/wp-json\/wp\/v2\/pages\/10040\/revisions"}],"wp:attachment":[{"href":"https:\/\/nirvanjavan.com\/de\/wp-json\/wp\/v2\/media?parent=10040"}],"curies":[{"name":"wp","href":"https:\/\/api.w.org\/{rel}","templated":true}]}}