{"id":1116,"date":"2023-04-12T14:41:49","date_gmt":"2023-04-12T12:41:49","guid":{"rendered":"https:\/\/nirvanjavan.com\/store-locator\/"},"modified":"2026-03-26T09:34:45","modified_gmt":"2026-03-26T08:34:45","slug":"store-locator","status":"publish","type":"page","link":"https:\/\/nirvanjavan.com\/de\/store-locator\/","title":{"rendered":"H\u00e4ndlersuche"},"content":{"rendered":"<h1 class=\"store-locator-heading section section--narrow\">Einzelh\u00e4ndler<\/h1>\n<p class=\"store-locator-sub-heading section section--narrow\">Finden Sie den n\u00e4chstgelegenen NIRVAN JAVAN-H\u00e4ndler in Ihrer N\u00e4he und auf der ganzen Welt.<\/p>\n<style type=\"text\/css\">\n  body #asl-storelocator.asl-cont.asl-template-1 {--sl-font-size: 13px;--sl-title-size: 18px;--sl-btn-size: 13px;--sl-primary: #000000;--sl-secondary: #a6a6a6;--sl-header: #000000;--sl-header-color: #000000;--sl-infobox-color: #171717;--sl-infobox-bg: #FFFFFF;--sl-infobox-a: #000000;--sl-action-btn-color: #292929;--sl-action-btn-bg: #000000;--sl-color: #555d66;--sl-list-bg: #FFFFFF;--sl-list-title: #000000;--sl-list-sub-title: #404040;--sl-highlighted: #ffffff;}.asl-cont .sl-direction,.asl-cont .s-direction, .asl-buttons .directions {display: none !important;}.asl-p-cont .asl-print-btn,.asl-cont .asl-print-btn {display: none !important;}  .asl-cont .onoffswitch .onoffswitch-label .onoffswitch-switch:before {content: \"Offen\" !important;}\n  .asl-cont .onoffswitch .onoffswitch-label .onoffswitch-switch:after {content: \"ALLE\" !important;}\n  @media (max-width: 767px) {\n  #asl-storelocator.asl-cont .asl-panel {order: 0;}\n  }\n  .asl-cont .sl-hide-branches,\n  .asl-cont .sl-hide-branches:hover {color: #FFF !important; text-decoration: none !important;cursor: pointer;}\n  .sl-hide-branches + .asl-print-btn {display: none !important;}\n<\/style>\n<div id=\"asl-storelocator\" class=\"storelocator-main asl-cont asl-template-1 asl-layout-0 asl-bg-0 full-width  asl-text-1\">\n  <div class=\"asl-wrapper\">\n    <div class=\"sl-container-fluid\">\n            <div class=\"Filter_section\">\n        <div class=\"sl-row\">\n          <div class=\"sl-form-group search_filter\">\n            <label for=\"auto-complete-search\">Verkaufsstelle suchen<\/label>\n            <div class=\"sl-search-group d-flex\">\n               <input type=\"text\" value=\"\" data-submit=\"disable\" id=\"auto-complete-search\" placeholder=\"Enter a Location \"  class=\"asl-search-address form-control isp_ignore\">\n               <button aria-label=\"Aktuelle Position\" title=\"Aktuelle Position\" type=\"button\" class=\"span-geo\"><i class=\"asl-geo icon-direction-outline\"><\/i><\/button>\n            <\/div>\n          <\/div>\n          <div class=\"sl-form-group range_filter hide asl-ddl-filters\">\n            <label for=\"asl-radius-slide\">In<\/label>\n            <div class=\"rangeFilter asl-filter-cntrl\">\n              <input id=\"asl-radius-slide\" type=\"text\" class=\"span2\" \/>\n              <span class=\"rad-unit\">Radius: <span id=\"asl-radius-input\"><\/span><span id=\"asl-dist-unit\">Km<\/span><\/span>\n            <\/div>\n          <\/div>\n          <div class=\"sl-form-group Status_filter\">\n            <div class=\"asl-filter-cntrl\">\n               <div class=\"onoffswitch\">\n                  <input type=\"checkbox\" name=\"onoffswitch\" class=\"onoffswitch-checkbox\" id=\"asl-open-close\" checked>\n                  <label aria-label=\"Opened Stores\" title=\"Opened Stores\" class=\"onoffswitch-label\" for=\"asl-open-close\">\n                  <span class=\"onoffswitch-inner\"><\/span>\n                  <span class=\"onoffswitch-switch\"><\/span>\n                  <\/label>\n               <\/div>\n            <\/div>\n          <\/div>\n        <\/div>\n        <div class=\"asl-advance-filters hide\">\n          <div class=\"sl-row\">\n                        <div class=\"sl-form-group search_filter asl-name-search\">\n              <div class=\"asl-filter-cntrl\">\n                <p class=\"mb-2\">Suchname<\/p>\n                <div class=\"sl-search-group\">\n                  <input type=\"text\"  placeholder=\"Suchname\"  class=\"asl-search-name form-control isp_ignore\">\n                <\/div>\n              <\/div>\n            <\/div>\n                                              <\/div>\n        <\/div>\n      <\/div>\n      <div class=\"sl-row\">\n        <div class=\"pol-12\">\n            <div class=\"sl-main-cont\">\n                <div class=\"sl-row no-gutters sl-main-row\">\n                    <div id=\"asl-panel\" class=\"asl-panel pol-md-5 pol-lg-4 asl_locator-panel\">\n                        <div class=\"asl-overlay\" id=\"map-loading\">\n                            <div class=\"white\"><\/div>\n                            <div class=\"sl-loading\">\n                              <i class=\"animate-sl-spin icon-spin3\"><\/i>\n                              Laden...                            <\/div>\n                        <\/div>\n                        <!-- list -->\n                        <div class=\"asl-panel-inner\">\n                            <div class=\"top-title Num_of_store\">\n                              <span><span class=\"sl-head-title\">RETAILERS<\/span>: <span class=\"count-result\">0<\/span><\/span>\n                                                              <a class=\"asl-print-btn\"><span>PRINT<\/span><span class=\"asl-print\"><\/span><\/a>\n                                                          <\/div>\n                            <div class=\"sl-main-cont-box\">\n                              <div id=\"asl-list\" class=\"sl-list-wrapper\">\n                                <ul id=\"p-statelist\" class=\"sl-list\">\n                                <\/ul>\n                              <\/div>\n                            <\/div>\n                        <\/div>\n                        <div class=\"directions-cont hide\">\n                            <div class=\"agile-modal-header\">\n                                <button type=\"button\" class=\"close\"><span aria-hidden=\"true\">\u00d7<\/span><\/button>\n                                <h4>Richtung speichern<\/h4>\n                            <\/div>\n                            <div class=\"rendered-directions\" id=\"asl-rendered-dir\" style=\"direction: ltr;\"><\/div>\n                        <\/div>\n                    <\/div>\n                    <div class=\"pol-md-7 pol-lg-8 asl-map\">\n                        <div class=\"map-image\">\n                            <div id=\"asl-map-canv\" class=\"asl-map-canv\"><\/div>\n                            <div id=\"agile-modal-direction\" class=\"agile-modal fade\">\n    <div class=\"agile-modal-backdrop-in\"><\/div>\n    <div class=\"agile-modal-dialog in\">\n        <div class=\"agile-modal-content\">\n            <div class=\"sl-form-group d-flex justify-content-between\">\n                <h4 >Route planen<\/h4>\n                <button type=\"button\" class=\"close-directions sl-close\" data-dismiss=\"agile-modal\" aria-label=\"Close\">&times;<\/button>\n            <\/div>\n            <div class=\"sl-form-group\">\n                <label for=\"frm-lbl\">Von:<\/label>\n                <input type=\"text\" class=\"form-control frm-place\" id=\"frm-lbl\" placeholder=\"Enter a Location \">\n            <\/div>\n            <div class=\"sl-form-group\">\n                <label for=\"to-lbl\">Nach:<\/label>\n                <input readonly=\"true\" type=\"text\"  class=\"directions-to form-control\" id=\"to-lbl\" placeholder=\"Prepopulated Destination Address\">\n            <\/div>\n            <div class=\"sl-form-group mb-0\">\n                <label for=\"rbtn-km\" class=\"checkbox-inline\">\n                    <input type=\"radio\" name=\"dist-type\"  id=\"rbtn-km\" value=\"0\"> Km                <\/label>\n                <label for=\"rbtn-mile\" class=\"checkbox-inline\">\n                    <input type=\"radio\" name=\"dist-type\" checked id=\"rbtn-mile\" value=\"1\"> Meilen                <\/label>\n            <\/div>\n            <div class=\"sl-form-group mb-0\">\n                <button type=\"submit\" class=\"btn btn-default btn-submit\">Route planen<\/button>\n            <\/div>\n        <\/div>\n    <\/div>\n<\/div>\n\n<div id=\"asl-geolocation-agile-modal\" class=\"agile-modal fade\">\n  <div class=\"agile-modal-backdrop-in\"><\/div>\n  <div class=\"agile-modal-dialog in\">\n    <div class=\"agile-modal-content\">\n            <div class=\"sl-form-group d-flex justify-content-between\">\n        <h5>Aktuelle Position verwenden um die n\u00e4chste Verkaufsstelle anzuzeigen<\/h5>\n        <button type=\"button\" class=\"close-directions sl-close\" data-dismiss=\"agile-modal\" aria-label=\"Close\" aria-hidden=\"true\">&times;<\/button>\n      <\/div>\n      <div class=\"sl-form-group text-center mb-0\">\n        <button type=\"button\" id=\"asl-btn-geolocation\" class=\"btn btn-block btn-default\">Position verwenden<\/button>\n      <\/div>\n          <\/div>\n  <\/div>\n<\/div>\n\n<div id=\"asl-desc-agile-modal\" class=\"agile-modal fade\">\n  <div class=\"agile-modal-backdrop-in\"><\/div>\n  <div class=\"agile-modal-dialog in\">\n    <div class=\"agile-modal-content\">\n      <div class=\"sl-row\">\n        <div class=\"pol-md-12\">\n          <div class=\"sl-form-group d-flex justify-content-between\">\n            <h4 class=\"sl-title\">Description<\/h4>\n            <button type=\"button\" class=\"close-directions sl-close\" data-dismiss=\"agile-modal\" aria-label=\"Close\">&times;<\/button>\n          <\/div>\n          <p class=\"sl-desc\"><\/p>\n        <\/div>\n      <\/div>\n    <\/div>\n  <\/div>\n<\/div>                        <\/div>\n                    <\/div>\n                <\/div>\n            <\/div>\n        <\/div>\n      <\/div>\n    <\/div>\n  <\/div>\n<\/div>\n<!-- This plugin is developed by \"Agile Store Locator by WordPress\" https:\/\/agilestorelocator.com -->\n","protected":false},"excerpt":{"rendered":"<p>Einzelh\u00e4ndler Finden Sie den n\u00e4chstgelegenen NIRVAN JAVAN-H\u00e4ndler in Ihrer N\u00e4he und auf der ganzen Welt.<\/p>\n","protected":false},"author":1,"featured_media":0,"parent":0,"menu_order":0,"comment_status":"closed","ping_status":"closed","template":"","meta":{"_acf_changed":false,"footnotes":""},"class_list":["post-1116","page","type-page","status-publish","hentry"],"acf":[],"_links":{"self":[{"href":"https:\/\/nirvanjavan.com\/de\/wp-json\/wp\/v2\/pages\/1116","targetHints":{"allow":["GET"]}}],"collection":[{"href":"https:\/\/nirvanjavan.com\/de\/wp-json\/wp\/v2\/pages"}],"about":[{"href":"https:\/\/nirvanjavan.com\/de\/wp-json\/wp\/v2\/types\/page"}],"author":[{"embeddable":true,"href":"https:\/\/nirvanjavan.com\/de\/wp-json\/wp\/v2\/users\/1"}],"replies":[{"embeddable":true,"href":"https:\/\/nirvanjavan.com\/de\/wp-json\/wp\/v2\/comments?post=1116"}],"version-history":[{"count":0,"href":"https:\/\/nirvanjavan.com\/de\/wp-json\/wp\/v2\/pages\/1116\/revisions"}],"wp:attachment":[{"href":"https:\/\/nirvanjavan.com\/de\/wp-json\/wp\/v2\/media?parent=1116"}],"curies":[{"name":"wp","href":"https:\/\/api.w.org\/{rel}","templated":true}]}}