{"id":10073,"date":"2023-06-20T08:19:56","date_gmt":"2023-06-20T08:19:56","guid":{"rendered":"https:\/\/nirvanjavan.com\/product\/marrakech-majorelle\/"},"modified":"2026-03-25T10:42:50","modified_gmt":"2026-03-25T09:42:50","slug":"marrakech-majorelle","status":"publish","type":"product","link":"https:\/\/nirvanjavan.com\/de\/produkt\/marrakech-majorelle\/","title":{"rendered":"MARRAKECH MAJORELLE"},"content":{"rendered":"<p style=\"font-weight: 400;\"><em>Aufgrund des Erdbebens in Marokko geht der gesamte Erl\u00f6s aus dem Verkauf der MAJORELLE-Modelle an die Internationale Stiftung des Roten Kreuzes und deren Bem\u00fchungen, den Bed\u00fcrftigen zu helfen.<\/em><\/p>\n<p style=\"font-weight: 400;\"><span class=\"TextRun SCXW55163440 BCX0\" lang=\"EN-US\" xml:lang=\"EN-US\" data-contrast=\"auto\"><span class=\"NormalTextRun SCXW55163440 BCX0\">Von farbenpr\u00e4chtigen M\u00e4rkten, Architektur, die von einer orientalischen Welt erz\u00e4hlt, das ist der <\/span> <span class=\"NormalTextRun SCXW55163440 BCX0\">Maghreb.<\/span><span class=\"NormalTextRun SCXW55163440 BCX0\">. Entdecken Sie die arabische Welt in den japanischen Brillenfassungen, die in ihrem Design von der Kunst der Konstruktion und den Mustern des arabischen <\/span><span class=\"NormalTextRun SCXW55163440 BCX0\">Mittelmeers inspiriert sind<\/span><span class=\"NormalTextRun SCXW55163440 BCX0\">.<\/span><\/span><\/p>\n","protected":false},"excerpt":{"rendered":"<p>Aufgrund des Erdbebens in Marokko geht der gesamte Erl\u00f6s aus dem Verkauf der MAJORELLE-Modelle an die Internationale Stiftung des Roten Kreuzes und deren Bem\u00fchungen, den Bed\u00fcrftigen zu helfen. Von farbenpr\u00e4chtigen M\u00e4rkten, Architektur, die von einer orientalischen Welt erz\u00e4hlt, das ist der Maghreb.. Entdecken Sie die arabische Welt in den japanischen Brillenfassungen, die in ihrem Design [&hellip;]<\/p>\n","protected":false},"featured_media":11504,"template":"","meta":{"_acf_changed":false},"product_brand":[],"product_cat":[138],"product_tag":[176],"class_list":{"0":"post-10073","1":"product","2":"type-product","3":"status-publish","4":"has-post-thumbnail","6":"collection-marrakech-de","7":"product_cat-shades-de","8":"product_tag-ausverkauft","10":"first","11":"instock","12":"taxable","13":"shipping-taxable","14":"purchasable","15":"product-type-variable","16":"wvs-archive-product-wrapper"},"acf":[],"_links":{"self":[{"href":"https:\/\/nirvanjavan.com\/de\/wp-json\/wp\/v2\/product\/10073","targetHints":{"allow":["GET"]}}],"collection":[{"href":"https:\/\/nirvanjavan.com\/de\/wp-json\/wp\/v2\/product"}],"about":[{"href":"https:\/\/nirvanjavan.com\/de\/wp-json\/wp\/v2\/types\/product"}],"wp:featuredmedia":[{"embeddable":true,"href":"https:\/\/nirvanjavan.com\/de\/wp-json\/wp\/v2\/media\/11504"}],"wp:attachment":[{"href":"https:\/\/nirvanjavan.com\/de\/wp-json\/wp\/v2\/media?parent=10073"}],"wp:term":[{"taxonomy":"product_brand","embeddable":true,"href":"https:\/\/nirvanjavan.com\/de\/wp-json\/wp\/v2\/product_brand?post=10073"},{"taxonomy":"product_cat","embeddable":true,"href":"https:\/\/nirvanjavan.com\/de\/wp-json\/wp\/v2\/product_cat?post=10073"},{"taxonomy":"product_tag","embeddable":true,"href":"https:\/\/nirvanjavan.com\/de\/wp-json\/wp\/v2\/product_tag?post=10073"}],"curies":[{"name":"wp","href":"https:\/\/api.w.org\/{rel}","templated":true}]}}