{"id":10089,"date":"2023-05-28T22:08:31","date_gmt":"2023-05-28T22:08:31","guid":{"rendered":"https:\/\/nirvanjavan.com\/product\/shades-of-toronto-02\/"},"modified":"2026-04-03T10:42:56","modified_gmt":"2026-04-03T08:42:56","slug":"shades-of-toronto-02","status":"publish","type":"product","link":"https:\/\/nirvanjavan.com\/de\/produkt\/shades-of-toronto-02\/","title":{"rendered":"SHADES OF TORONTO 02"},"content":{"rendered":"<p><span class=\"TextRun SCXW253611624 BCX0\" lang=\"EN-US\" data-contrast=\"auto\" xml:lang=\"EN-US\"><span class=\"NormalTextRun SCXW253611624 BCX0\">Die kulturell vielf\u00e4ltigste Stadt der Welt, eingefangen im unverkennbaren Stil des Designers. Torontos k\u00fchne Architektur \u00fcbersetzt in eine k\u00fchne Fassung. Handgefertigt in Japan mit r\u00fcckseitig entspiegelten Gl\u00e4sern erwecken sie die Vielfalt Kanadas zum Leben.  <\/span><\/span><span class=\"EOP SCXW253611624 BCX0\" data-ccp-props=\"{\"134233117\":false,\"134233118\":false,\"335559738\":0,\"335559739\":0}\"> <\/span><\/p>\n","protected":false},"excerpt":{"rendered":"<p>Die kulturell vielf\u00e4ltigste Stadt der Welt, eingefangen im unverkennbaren Stil des Designers. Torontos k\u00fchne Architektur \u00fcbersetzt in eine k\u00fchne Fassung. Handgefertigt in Japan mit r\u00fcckseitig entspiegelten Gl\u00e4sern erwecken sie die Vielfalt Kanadas zum Leben.<\/p>\n","protected":false},"featured_media":3036,"template":"","meta":{"_acf_changed":false},"product_brand":[],"product_cat":[138],"product_tag":[],"class_list":{"0":"post-10089","1":"product","2":"type-product","3":"status-publish","4":"has-post-thumbnail","6":"collection-toronto-de","7":"product_cat-shades-de","9":"first","10":"instock","11":"taxable","12":"shipping-taxable","13":"purchasable","14":"product-type-variable","15":"wvs-archive-product-wrapper"},"acf":[],"_links":{"self":[{"href":"https:\/\/nirvanjavan.com\/de\/wp-json\/wp\/v2\/product\/10089","targetHints":{"allow":["GET"]}}],"collection":[{"href":"https:\/\/nirvanjavan.com\/de\/wp-json\/wp\/v2\/product"}],"about":[{"href":"https:\/\/nirvanjavan.com\/de\/wp-json\/wp\/v2\/types\/product"}],"wp:featuredmedia":[{"embeddable":true,"href":"https:\/\/nirvanjavan.com\/de\/wp-json\/wp\/v2\/media\/3036"}],"wp:attachment":[{"href":"https:\/\/nirvanjavan.com\/de\/wp-json\/wp\/v2\/media?parent=10089"}],"wp:term":[{"taxonomy":"product_brand","embeddable":true,"href":"https:\/\/nirvanjavan.com\/de\/wp-json\/wp\/v2\/product_brand?post=10089"},{"taxonomy":"product_cat","embeddable":true,"href":"https:\/\/nirvanjavan.com\/de\/wp-json\/wp\/v2\/product_cat?post=10089"},{"taxonomy":"product_tag","embeddable":true,"href":"https:\/\/nirvanjavan.com\/de\/wp-json\/wp\/v2\/product_tag?post=10089"}],"curies":[{"name":"wp","href":"https:\/\/api.w.org\/{rel}","templated":true}]}}