{"id":10179,"date":"2001-01-30T01:01:12","date_gmt":"2001-01-30T01:01:12","guid":{"rendered":"https:\/\/nirvanjavan.com\/product\/chicago-09\/"},"modified":"2026-04-02T18:27:38","modified_gmt":"2026-04-02T16:27:38","slug":"chicago-09","status":"publish","type":"product","link":"https:\/\/nirvanjavan.com\/de\/produkt\/chicago-09\/","title":{"rendered":"CHICAGO 09"},"content":{"rendered":"<p><span class=\"TextRun SCXW169187158 BCX0\" lang=\"EN-US\" data-contrast=\"auto\" xml:lang=\"EN-US\"><span class=\"NormalTextRun SCXW169187158 BCX0\">Z\u00fcge, die \u00fcber die Gleise rauschen, eine Welt in st\u00e4ndiger Bewegung, die sich in den die sich in den Edelstahlfassungen wiederspiegeln.<\/span><span class=\"NormalTextRun SCXW169187158 BCX0\"> Rahmen. Erleben Sie die Eleganz der Symbiose der Kulturen in leichten Retro-Designs.<\/span><\/span><span class=\"EOP SCXW169187158 BCX0\" data-ccp-props=\"{}\"> <\/span><\/p>\n","protected":false},"excerpt":{"rendered":"<p>Z\u00fcge, die \u00fcber die Gleise rauschen, eine Welt in st\u00e4ndiger Bewegung, die sich in den die sich in den Edelstahlfassungen wiederspiegeln. Rahmen. Erleben Sie die Eleganz der Symbiose der Kulturen in leichten Retro-Designs.<\/p>\n","protected":false},"featured_media":11313,"template":"","meta":{"_acf_changed":false},"product_brand":[],"product_cat":[76],"product_tag":[],"class_list":{"0":"post-10179","1":"product","2":"type-product","3":"status-publish","4":"has-post-thumbnail","6":"collection-chicago-de","7":"product_cat-opticals-de","9":"first","10":"instock","11":"taxable","12":"shipping-taxable","13":"purchasable","14":"product-type-variable","15":"wvs-archive-product-wrapper"},"acf":[],"_links":{"self":[{"href":"https:\/\/nirvanjavan.com\/de\/wp-json\/wp\/v2\/product\/10179","targetHints":{"allow":["GET"]}}],"collection":[{"href":"https:\/\/nirvanjavan.com\/de\/wp-json\/wp\/v2\/product"}],"about":[{"href":"https:\/\/nirvanjavan.com\/de\/wp-json\/wp\/v2\/types\/product"}],"wp:featuredmedia":[{"embeddable":true,"href":"https:\/\/nirvanjavan.com\/de\/wp-json\/wp\/v2\/media\/11313"}],"wp:attachment":[{"href":"https:\/\/nirvanjavan.com\/de\/wp-json\/wp\/v2\/media?parent=10179"}],"wp:term":[{"taxonomy":"product_brand","embeddable":true,"href":"https:\/\/nirvanjavan.com\/de\/wp-json\/wp\/v2\/product_brand?post=10179"},{"taxonomy":"product_cat","embeddable":true,"href":"https:\/\/nirvanjavan.com\/de\/wp-json\/wp\/v2\/product_cat?post=10179"},{"taxonomy":"product_tag","embeddable":true,"href":"https:\/\/nirvanjavan.com\/de\/wp-json\/wp\/v2\/product_tag?post=10179"}],"curies":[{"name":"wp","href":"https:\/\/api.w.org\/{rel}","templated":true}]}}