{"id":10486,"date":"2005-05-29T22:10:34","date_gmt":"2005-05-29T22:10:34","guid":{"rendered":"https:\/\/nirvanjavan.com\/product\/shades-of-chicago-01\/"},"modified":"2026-04-02T18:32:22","modified_gmt":"2026-04-02T16:32:22","slug":"shades-of-chicago-01","status":"publish","type":"product","link":"https:\/\/nirvanjavan.com\/de\/produkt\/shades-of-chicago-01\/","title":{"rendered":"SHADES OF CHICAGO 01"},"content":{"rendered":"<p>Z\u00fcge, die \u00fcber die Gleise rauschen, eine Welt in st\u00e4ndiger Bewegung, die sich in den Edelstahlfassungen widerspiegelt. Erleben Sie die Eleganz der Symbiose der Kulturen in leichten Retro-Designs.<\/p>\n","protected":false},"excerpt":{"rendered":"<p>Z\u00fcge, die \u00fcber die Gleise rauschen, eine Welt in st\u00e4ndiger Bewegung, die sich in den Edelstahlfassungen widerspiegelt. Erleben Sie die Eleganz der Symbiose der Kulturen in leichten Retro-Designs.<\/p>\n","protected":false},"featured_media":2500,"template":"","meta":{"_acf_changed":false},"product_brand":[],"product_cat":[138],"product_tag":[],"class_list":{"0":"post-10486","1":"product","2":"type-product","3":"status-publish","4":"has-post-thumbnail","6":"collection-chicago-de","7":"product_cat-shades-de","9":"first","10":"instock","11":"taxable","12":"shipping-taxable","13":"purchasable","14":"product-type-variable","15":"wvs-archive-product-wrapper"},"acf":[],"_links":{"self":[{"href":"https:\/\/nirvanjavan.com\/de\/wp-json\/wp\/v2\/product\/10486","targetHints":{"allow":["GET"]}}],"collection":[{"href":"https:\/\/nirvanjavan.com\/de\/wp-json\/wp\/v2\/product"}],"about":[{"href":"https:\/\/nirvanjavan.com\/de\/wp-json\/wp\/v2\/types\/product"}],"wp:featuredmedia":[{"embeddable":true,"href":"https:\/\/nirvanjavan.com\/de\/wp-json\/wp\/v2\/media\/2500"}],"wp:attachment":[{"href":"https:\/\/nirvanjavan.com\/de\/wp-json\/wp\/v2\/media?parent=10486"}],"wp:term":[{"taxonomy":"product_brand","embeddable":true,"href":"https:\/\/nirvanjavan.com\/de\/wp-json\/wp\/v2\/product_brand?post=10486"},{"taxonomy":"product_cat","embeddable":true,"href":"https:\/\/nirvanjavan.com\/de\/wp-json\/wp\/v2\/product_cat?post=10486"},{"taxonomy":"product_tag","embeddable":true,"href":"https:\/\/nirvanjavan.com\/de\/wp-json\/wp\/v2\/product_tag?post=10486"}],"curies":[{"name":"wp","href":"https:\/\/api.w.org\/{rel}","templated":true}]}}