{"id":10510,"date":"2023-05-29T00:17:30","date_gmt":"2023-05-29T00:17:30","guid":{"rendered":"https:\/\/nirvanjavan.com\/product\/marrakech-04\/"},"modified":"2026-04-03T12:47:16","modified_gmt":"2026-04-03T10:47:16","slug":"marrakech-04","status":"publish","type":"product","link":"https:\/\/nirvanjavan.com\/de\/produkt\/marrakech-04\/","title":{"rendered":"MARRAKECH 04"},"content":{"rendered":"<p><span class=\"TextRun SCXW55163440 BCX0\" lang=\"EN-US\" data-contrast=\"auto\" xml:lang=\"EN-US\"><span class=\"NormalTextRun SCXW55163440 BCX0\">Von farbenpr\u00e4chtigen M\u00e4rkten, Architektur, die von einer orientalischen Welt erz\u00e4hlt, das ist der <\/span> <span class=\"NormalTextRun SCXW55163440 BCX0\">Maghreb.<\/span><span class=\"NormalTextRun SCXW55163440 BCX0\">. Entdecken Sie die arabische Welt in den japanischen Brillenfassungen, die in ihrem Design von der Kunst der Konstruktion und den Mustern des arabischen <\/span><span class=\"NormalTextRun SCXW55163440 BCX0\">Mittelmeers inspiriert sind<\/span><span class=\"NormalTextRun SCXW55163440 BCX0\">.<\/span><\/span><span class=\"EOP SCXW55163440 BCX0\" data-ccp-props=\"{\"134233117\":false,\"134233118\":false,\"335559738\":0,\"335559739\":0}\"> <\/span><\/p>\n","protected":false},"excerpt":{"rendered":"<p>Von farbenpr\u00e4chtigen M\u00e4rkten, Architektur, die von einer orientalischen Welt erz\u00e4hlt, das ist der Maghreb.. Entdecken Sie die arabische Welt in den japanischen Brillenfassungen, die in ihrem Design von der Kunst der Konstruktion und den Mustern des arabischen Mittelmeers inspiriert sind.<\/p>\n","protected":false},"featured_media":11421,"template":"","meta":{"_acf_changed":false},"product_brand":[],"product_cat":[76],"product_tag":[],"class_list":{"0":"post-10510","1":"product","2":"type-product","3":"status-publish","4":"has-post-thumbnail","6":"collection-marrakech-de","7":"product_cat-opticals-de","9":"first","10":"instock","11":"taxable","12":"shipping-taxable","13":"purchasable","14":"product-type-variable","15":"wvs-archive-product-wrapper"},"acf":[],"_links":{"self":[{"href":"https:\/\/nirvanjavan.com\/de\/wp-json\/wp\/v2\/product\/10510","targetHints":{"allow":["GET"]}}],"collection":[{"href":"https:\/\/nirvanjavan.com\/de\/wp-json\/wp\/v2\/product"}],"about":[{"href":"https:\/\/nirvanjavan.com\/de\/wp-json\/wp\/v2\/types\/product"}],"wp:featuredmedia":[{"embeddable":true,"href":"https:\/\/nirvanjavan.com\/de\/wp-json\/wp\/v2\/media\/11421"}],"wp:attachment":[{"href":"https:\/\/nirvanjavan.com\/de\/wp-json\/wp\/v2\/media?parent=10510"}],"wp:term":[{"taxonomy":"product_brand","embeddable":true,"href":"https:\/\/nirvanjavan.com\/de\/wp-json\/wp\/v2\/product_brand?post=10510"},{"taxonomy":"product_cat","embeddable":true,"href":"https:\/\/nirvanjavan.com\/de\/wp-json\/wp\/v2\/product_cat?post=10510"},{"taxonomy":"product_tag","embeddable":true,"href":"https:\/\/nirvanjavan.com\/de\/wp-json\/wp\/v2\/product_tag?post=10510"}],"curies":[{"name":"wp","href":"https:\/\/api.w.org\/{rel}","templated":true}]}}