{"id":10512,"date":"2022-11-29T16:04:24","date_gmt":"2022-11-29T16:04:24","guid":{"rendered":"https:\/\/nirvanjavan.com\/product\/shades-of-rome-09\/"},"modified":"2026-04-03T10:24:47","modified_gmt":"2026-04-03T08:24:47","slug":"shades-of-rome-09","status":"publish","type":"product","link":"https:\/\/nirvanjavan.com\/de\/produkt\/shades-of-rome-09\/","title":{"rendered":"SHADES OF ROME 09"},"content":{"rendered":"<p>In Stein gemeisselte Kaiser, eine Architektur, die die alten K\u00fcnste wieder aufleben l\u00e4sst. Die ewige Stadt hat die Zeit \u00fcberdauert und den Weg f\u00fcr die Sonnenbrillenkollektion von NIRVAN JAVAN geebnet. Zarte Designs kombiniert mit gl\u00e4nzendem Acetat machen das warme Temperament der Metropole sp\u00fcrbar.<\/p>\n","protected":false},"excerpt":{"rendered":"<p>In Stein gemeisselte Kaiser, eine Architektur, die die alten K\u00fcnste wieder aufleben l\u00e4sst. Die ewige Stadt hat die Zeit \u00fcberdauert und den Weg f\u00fcr die Sonnenbrillenkollektion von NIRVAN JAVAN geebnet. Zarte Designs kombiniert mit gl\u00e4nzendem Acetat machen das warme Temperament der Metropole sp\u00fcrbar.<\/p>\n","protected":false},"featured_media":4403,"template":"","meta":{"_acf_changed":false},"product_brand":[],"product_cat":[138],"product_tag":[],"class_list":{"0":"post-10512","1":"product","2":"type-product","3":"status-publish","4":"has-post-thumbnail","6":"collection-rome-de","7":"product_cat-shades-de","9":"first","10":"instock","11":"taxable","12":"shipping-taxable","13":"purchasable","14":"product-type-variable","15":"wvs-archive-product-wrapper"},"acf":[],"_links":{"self":[{"href":"https:\/\/nirvanjavan.com\/de\/wp-json\/wp\/v2\/product\/10512","targetHints":{"allow":["GET"]}}],"collection":[{"href":"https:\/\/nirvanjavan.com\/de\/wp-json\/wp\/v2\/product"}],"about":[{"href":"https:\/\/nirvanjavan.com\/de\/wp-json\/wp\/v2\/types\/product"}],"wp:featuredmedia":[{"embeddable":true,"href":"https:\/\/nirvanjavan.com\/de\/wp-json\/wp\/v2\/media\/4403"}],"wp:attachment":[{"href":"https:\/\/nirvanjavan.com\/de\/wp-json\/wp\/v2\/media?parent=10512"}],"wp:term":[{"taxonomy":"product_brand","embeddable":true,"href":"https:\/\/nirvanjavan.com\/de\/wp-json\/wp\/v2\/product_brand?post=10512"},{"taxonomy":"product_cat","embeddable":true,"href":"https:\/\/nirvanjavan.com\/de\/wp-json\/wp\/v2\/product_cat?post=10512"},{"taxonomy":"product_tag","embeddable":true,"href":"https:\/\/nirvanjavan.com\/de\/wp-json\/wp\/v2\/product_tag?post=10512"}],"curies":[{"name":"wp","href":"https:\/\/api.w.org\/{rel}","templated":true}]}}