{"id":10585,"date":"2021-05-30T23:06:12","date_gmt":"2021-05-30T23:06:12","guid":{"rendered":"https:\/\/nirvanjavan.com\/product\/paris-05\/"},"modified":"2026-04-03T13:01:56","modified_gmt":"2026-04-03T11:01:56","slug":"paris-05","status":"publish","type":"product","link":"https:\/\/nirvanjavan.com\/de\/produkt\/paris-05\/","title":{"rendered":"PARIS 05"},"content":{"rendered":"<p><span class=\"TextRun SCXW48388032 BCX0\" lang=\"EN-US\" data-contrast=\"auto\" xml:lang=\"EN-US\"><span class=\"NormalTextRun SCXW48388032 BCX0\">Die Lichter der <\/span><span class=\"NormalTextRun SCXW48388032 BCX0\">Bistros<\/span><span class=\"NormalTextRun SCXW48388032 BCX0\"> und Caf\u00e9s spiegeln sich in der Seine. Ein Moment, der in den zarten <\/span><span class=\"NormalTextRun SCXW48388032 BCX0\">und gl\u00e4nzenden<\/span><span class=\"NormalTextRun SCXW48388032 BCX0\"> Acetatfassungen eingefangen ist. Der <\/span><span class=\"NormalTextRun SpellingErrorV2Themed SCXW48388032 BCX0\">Charme<\/span><span class=\"NormalTextRun SCXW48388032 BCX0\"> der Stadt der Lichter und <\/span><span class=\"NormalTextRun ContextualSpellingAndGrammarErrorV2Themed SCXW48388032 BCX0\">K\u00fcnstler<\/span><span class=\"NormalTextRun SCXW48388032 BCX0\"> ist bereit, erlebt zu werden.<\/span><\/span><span class=\"EOP SCXW48388032 BCX0\" data-ccp-props=\"{}\"> <\/span><\/p>\n","protected":false},"excerpt":{"rendered":"<p>Die Lichter der Bistros und Caf\u00e9s spiegeln sich in der Seine. Ein Moment, der in den zarten und gl\u00e4nzenden Acetatfassungen eingefangen ist. Der Charme der Stadt der Lichter und K\u00fcnstler ist bereit, erlebt zu werden.<\/p>\n","protected":false},"featured_media":2305,"template":"","meta":{"_acf_changed":false},"product_brand":[],"product_cat":[76],"product_tag":[],"class_list":{"0":"post-10585","1":"product","2":"type-product","3":"status-publish","4":"has-post-thumbnail","6":"collection-paris-de","7":"product_cat-opticals-de","9":"first","10":"instock","11":"taxable","12":"shipping-taxable","13":"purchasable","14":"product-type-variable","15":"wvs-archive-product-wrapper"},"acf":[],"_links":{"self":[{"href":"https:\/\/nirvanjavan.com\/de\/wp-json\/wp\/v2\/product\/10585","targetHints":{"allow":["GET"]}}],"collection":[{"href":"https:\/\/nirvanjavan.com\/de\/wp-json\/wp\/v2\/product"}],"about":[{"href":"https:\/\/nirvanjavan.com\/de\/wp-json\/wp\/v2\/types\/product"}],"wp:featuredmedia":[{"embeddable":true,"href":"https:\/\/nirvanjavan.com\/de\/wp-json\/wp\/v2\/media\/2305"}],"wp:attachment":[{"href":"https:\/\/nirvanjavan.com\/de\/wp-json\/wp\/v2\/media?parent=10585"}],"wp:term":[{"taxonomy":"product_brand","embeddable":true,"href":"https:\/\/nirvanjavan.com\/de\/wp-json\/wp\/v2\/product_brand?post=10585"},{"taxonomy":"product_cat","embeddable":true,"href":"https:\/\/nirvanjavan.com\/de\/wp-json\/wp\/v2\/product_cat?post=10585"},{"taxonomy":"product_tag","embeddable":true,"href":"https:\/\/nirvanjavan.com\/de\/wp-json\/wp\/v2\/product_tag?post=10585"}],"curies":[{"name":"wp","href":"https:\/\/api.w.org\/{rel}","templated":true}]}}