{"id":12701,"date":"2025-04-03T11:00:00","date_gmt":"2025-04-03T09:00:00","guid":{"rendered":"https:\/\/nirvanjavan.com\/?post_type=product&#038;p=12701"},"modified":"2026-03-25T11:04:06","modified_gmt":"2026-03-25T10:04:06","slug":"shades-of-milan-06","status":"publish","type":"product","link":"https:\/\/nirvanjavan.com\/de\/produkt\/shades-of-milan-06\/","title":{"rendered":"SHADES OF MILAN 06"},"content":{"rendered":"<p>Die stilistische Weltreise von NIRVAN JAVAN erreicht mit der neuen Kollektion SHADES OF MILAN einen weiteren H\u00f6hepunkt. Inspiriert von der traditionsreichen und stilvollen Modemetropole, verk\u00f6rpert diese avantgardistische Kollektion die Essenz italienischer Eleganz und einer einzigartigen \u00c4sthetik.<\/p>\n","protected":false},"excerpt":{"rendered":"<p>Die stilistische Weltreise von NIRVAN JAVAN erreicht mit der neuen Kollektion SHADES OF MILAN einen weiteren H\u00f6hepunkt. Inspiriert von der traditionsreichen und stilvollen Modemetropole, verk\u00f6rpert diese avantgardistische Kollektion die Essenz italienischer Eleganz und einer einzigartigen \u00c4sthetik.<\/p>\n","protected":false},"featured_media":12715,"template":"","meta":{"_acf_changed":false},"product_brand":[],"product_cat":[138],"product_tag":[167],"class_list":{"0":"post-12701","1":"product","2":"type-product","3":"status-publish","4":"has-post-thumbnail","6":"collection-milan-de","7":"product_cat-shades-de","8":"product_tag-demnachst-erhaltlich","10":"first","11":"instock","12":"taxable","13":"shipping-taxable","14":"purchasable","15":"product-type-variable","16":"wvs-archive-product-wrapper"},"acf":[],"_links":{"self":[{"href":"https:\/\/nirvanjavan.com\/de\/wp-json\/wp\/v2\/product\/12701","targetHints":{"allow":["GET"]}}],"collection":[{"href":"https:\/\/nirvanjavan.com\/de\/wp-json\/wp\/v2\/product"}],"about":[{"href":"https:\/\/nirvanjavan.com\/de\/wp-json\/wp\/v2\/types\/product"}],"wp:featuredmedia":[{"embeddable":true,"href":"https:\/\/nirvanjavan.com\/de\/wp-json\/wp\/v2\/media\/12715"}],"wp:attachment":[{"href":"https:\/\/nirvanjavan.com\/de\/wp-json\/wp\/v2\/media?parent=12701"}],"wp:term":[{"taxonomy":"product_brand","embeddable":true,"href":"https:\/\/nirvanjavan.com\/de\/wp-json\/wp\/v2\/product_brand?post=12701"},{"taxonomy":"product_cat","embeddable":true,"href":"https:\/\/nirvanjavan.com\/de\/wp-json\/wp\/v2\/product_cat?post=12701"},{"taxonomy":"product_tag","embeddable":true,"href":"https:\/\/nirvanjavan.com\/de\/wp-json\/wp\/v2\/product_tag?post=12701"}],"curies":[{"name":"wp","href":"https:\/\/api.w.org\/{rel}","templated":true}]}}