{"id":13007,"date":"2021-05-30T22:54:02","date_gmt":"2021-05-30T20:54:02","guid":{"rendered":"https:\/\/nirvanjavan.com\/product\/paris-17\/"},"modified":"2026-03-27T19:51:45","modified_gmt":"2026-03-27T18:51:45","slug":"paris-17","status":"publish","type":"product","link":"https:\/\/nirvanjavan.com\/de\/produkt\/paris-17\/","title":{"rendered":"PARIS 17"},"content":{"rendered":"<p>Die Lichter der Bistros und Caf\u00e9s spiegeln sich in der Seine. Ein Moment, der in den zarten und gl\u00e4nzenden Acetatfassungen eingefangen ist. Der Charme der Stadt der Lichter und K\u00fcnstler ist bereit, erlebt zu werden.<\/p>\n","protected":false},"excerpt":{"rendered":"<p>Die Lichter der Bistros und Caf\u00e9s spiegeln sich in der Seine. Ein Moment, der in den zarten und gl\u00e4nzenden Acetatfassungen eingefangen ist. Der Charme der Stadt der Lichter und K\u00fcnstler ist bereit, erlebt zu werden.<\/p>\n","protected":false},"featured_media":13004,"template":"","meta":{"_acf_changed":false},"product_brand":[],"product_cat":[76],"product_tag":[],"class_list":{"0":"post-13007","1":"product","2":"type-product","3":"status-publish","4":"has-post-thumbnail","6":"collection-paris-de","7":"product_cat-opticals-de","9":"first","10":"instock","11":"taxable","12":"shipping-taxable","13":"purchasable","14":"product-type-variable","15":"wvs-archive-product-wrapper"},"acf":[],"_links":{"self":[{"href":"https:\/\/nirvanjavan.com\/de\/wp-json\/wp\/v2\/product\/13007","targetHints":{"allow":["GET"]}}],"collection":[{"href":"https:\/\/nirvanjavan.com\/de\/wp-json\/wp\/v2\/product"}],"about":[{"href":"https:\/\/nirvanjavan.com\/de\/wp-json\/wp\/v2\/types\/product"}],"wp:featuredmedia":[{"embeddable":true,"href":"https:\/\/nirvanjavan.com\/de\/wp-json\/wp\/v2\/media\/13004"}],"wp:attachment":[{"href":"https:\/\/nirvanjavan.com\/de\/wp-json\/wp\/v2\/media?parent=13007"}],"wp:term":[{"taxonomy":"product_brand","embeddable":true,"href":"https:\/\/nirvanjavan.com\/de\/wp-json\/wp\/v2\/product_brand?post=13007"},{"taxonomy":"product_cat","embeddable":true,"href":"https:\/\/nirvanjavan.com\/de\/wp-json\/wp\/v2\/product_cat?post=13007"},{"taxonomy":"product_tag","embeddable":true,"href":"https:\/\/nirvanjavan.com\/de\/wp-json\/wp\/v2\/product_tag?post=13007"}],"curies":[{"name":"wp","href":"https:\/\/api.w.org\/{rel}","templated":true}]}}