{"id":13298,"date":"2025-04-14T14:56:14","date_gmt":"2025-04-14T12:56:14","guid":{"rendered":"https:\/\/nirvanjavan.com\/?post_type=product&#038;p=13298"},"modified":"2026-04-03T11:01:45","modified_gmt":"2026-04-03T09:01:45","slug":"marrakech-04-copy","status":"publish","type":"product","link":"https:\/\/nirvanjavan.com\/de\/produkt\/marrakech-04-copy\/","title":{"rendered":"SHADES OF MARRAKECH 04"},"content":{"rendered":"<p>Von farbenpr\u00e4chtigen M\u00e4rkten, Architektur, die von einer orientalischen Welt erz\u00e4hlt, das ist der Maghreb. Entdecken Sie die arabische Welt in den japanischen Brillenfassungen, die in ihrem Design von der Kunst der Konstruktion und den Mustern des arabischen Mittelmeers inspiriert sind.<\/p>\n","protected":false},"excerpt":{"rendered":"<p>Von farbenpr\u00e4chtigen M\u00e4rkten, Architektur, die von einer orientalischen Welt erz\u00e4hlt, das ist der Maghreb. Entdecken Sie die arabische Welt in den japanischen Brillenfassungen, die in ihrem Design von der Kunst der Konstruktion und den Mustern des arabischen Mittelmeers inspiriert sind.<\/p>\n","protected":false},"featured_media":13309,"template":"","meta":{"_acf_changed":false},"product_brand":[],"product_cat":[138],"product_tag":[],"class_list":{"0":"post-13298","1":"product","2":"type-product","3":"status-publish","4":"has-post-thumbnail","6":"collection-marrakech-de","7":"product_cat-shades-de","9":"first","10":"onbackorder","11":"taxable","12":"shipping-taxable","13":"purchasable","14":"product-type-variable","15":"wvs-archive-product-wrapper"},"acf":[],"_links":{"self":[{"href":"https:\/\/nirvanjavan.com\/de\/wp-json\/wp\/v2\/product\/13298","targetHints":{"allow":["GET"]}}],"collection":[{"href":"https:\/\/nirvanjavan.com\/de\/wp-json\/wp\/v2\/product"}],"about":[{"href":"https:\/\/nirvanjavan.com\/de\/wp-json\/wp\/v2\/types\/product"}],"wp:featuredmedia":[{"embeddable":true,"href":"https:\/\/nirvanjavan.com\/de\/wp-json\/wp\/v2\/media\/13309"}],"wp:attachment":[{"href":"https:\/\/nirvanjavan.com\/de\/wp-json\/wp\/v2\/media?parent=13298"}],"wp:term":[{"taxonomy":"product_brand","embeddable":true,"href":"https:\/\/nirvanjavan.com\/de\/wp-json\/wp\/v2\/product_brand?post=13298"},{"taxonomy":"product_cat","embeddable":true,"href":"https:\/\/nirvanjavan.com\/de\/wp-json\/wp\/v2\/product_cat?post=13298"},{"taxonomy":"product_tag","embeddable":true,"href":"https:\/\/nirvanjavan.com\/de\/wp-json\/wp\/v2\/product_tag?post=13298"}],"curies":[{"name":"wp","href":"https:\/\/api.w.org\/{rel}","templated":true}]}}