{"id":14389,"date":"2026-03-22T23:07:03","date_gmt":"2026-03-22T22:07:03","guid":{"rendered":"https:\/\/nirvanjavan.com\/?post_type=product&#038;p=14389"},"modified":"2026-03-23T19:40:14","modified_gmt":"2026-03-23T18:40:14","slug":"zurich-03","status":"publish","type":"product","link":"https:\/\/nirvanjavan.com\/de\/produkt\/zurich-03\/","title":{"rendered":"ZURICH 03"},"content":{"rendered":"<p>Zehn Jahre nach seiner Gr\u00fcndung kehrt NIRVAN JAVAN f\u00fcr einen bedeutungsvollen Moment an den Ort zur\u00fcck, an dem alles begann: Z\u00fcrich. Mit der ZURICH Collection zollt die Marke nicht nur ihren Urspr\u00fcngen Tribut, sondern erweitert auch ihr Portfolio um eine neue, puristische Dimension &#8211; inspiriert von der diskreten Eleganz und dem kosmopolitischen Geist der Stadt am Fu\u00dfe der Alpen.<br \/>\n<!-- notionvc: 349a9a2c-8802-4dd2-b917-83aef0f813ff --><\/p>\n","protected":false},"excerpt":{"rendered":"<p>Zehn Jahre nach seiner Gr\u00fcndung kehrt NIRVAN JAVAN f\u00fcr einen bedeutungsvollen Moment an den Ort zur\u00fcck, an dem alles begann: Z\u00fcrich. Mit der ZURICH Collection zollt die Marke nicht nur ihren Urspr\u00fcngen Tribut, sondern erweitert auch ihr Portfolio um eine neue, puristische Dimension &#8211; inspiriert von der diskreten Eleganz und dem kosmopolitischen Geist der Stadt [&hellip;]<\/p>\n","protected":false},"featured_media":14392,"template":"","meta":{"_acf_changed":false},"product_brand":[],"product_cat":[76],"product_tag":[],"class_list":{"0":"post-14389","1":"product","2":"type-product","3":"status-publish","4":"has-post-thumbnail","6":"collection-zurich-de","7":"product_cat-opticals-de","9":"first","10":"instock","11":"taxable","12":"shipping-taxable","13":"purchasable","14":"product-type-variable","15":"wvs-archive-product-wrapper"},"acf":[],"_links":{"self":[{"href":"https:\/\/nirvanjavan.com\/de\/wp-json\/wp\/v2\/product\/14389","targetHints":{"allow":["GET"]}}],"collection":[{"href":"https:\/\/nirvanjavan.com\/de\/wp-json\/wp\/v2\/product"}],"about":[{"href":"https:\/\/nirvanjavan.com\/de\/wp-json\/wp\/v2\/types\/product"}],"wp:featuredmedia":[{"embeddable":true,"href":"https:\/\/nirvanjavan.com\/de\/wp-json\/wp\/v2\/media\/14392"}],"wp:attachment":[{"href":"https:\/\/nirvanjavan.com\/de\/wp-json\/wp\/v2\/media?parent=14389"}],"wp:term":[{"taxonomy":"product_brand","embeddable":true,"href":"https:\/\/nirvanjavan.com\/de\/wp-json\/wp\/v2\/product_brand?post=14389"},{"taxonomy":"product_cat","embeddable":true,"href":"https:\/\/nirvanjavan.com\/de\/wp-json\/wp\/v2\/product_cat?post=14389"},{"taxonomy":"product_tag","embeddable":true,"href":"https:\/\/nirvanjavan.com\/de\/wp-json\/wp\/v2\/product_tag?post=14389"}],"curies":[{"name":"wp","href":"https:\/\/api.w.org\/{rel}","templated":true}]}}