{"id":14480,"date":"2026-03-22T23:03:00","date_gmt":"2026-03-22T22:03:00","guid":{"rendered":"https:\/\/nirvanjavan.com\/?post_type=product&#038;p=14480"},"modified":"2026-03-23T19:43:37","modified_gmt":"2026-03-23T18:43:37","slug":"zurich-07","status":"publish","type":"product","link":"https:\/\/nirvanjavan.com\/de\/produkt\/zurich-07\/","title":{"rendered":"ZURICH 07"},"content":{"rendered":"<p>Z\u00dcRICH \u2013 NIRVAN JAVAN + ALFREDO H\u00c4BERLI zeigt einen einzigartigen kreativen Dialog, zwischen zwei Kosmopoliten und Desigern, der die M\u00f6glichkteinen des 3D Drucks neu definiert. Anl\u00e4sslich des 10-j\u00e4hrigen Jubil\u00e4ums von NIRVAN JAVAN &#8211; dem Lebenswerk des gleichnamigen Designers &#8211; wurde die Kollektion als Hommage an die gemeinsame Heimatstadt des Duos entwickelt. F\u00fcr Nirvan Javan stellt die ZURICH COLLECTION eine bewusste R\u00fcckkehr zu den Urspr\u00fcngen dar: Z\u00fcrich als Designsystem und nicht nur als Symbol.<\/p>\n","protected":false},"excerpt":{"rendered":"<p>Z\u00dcRICH \u2013 NIRVAN JAVAN + ALFREDO H\u00c4BERLI zeigt einen einzigartigen kreativen Dialog, zwischen zwei Kosmopoliten und Desigern, der die M\u00f6glichkteinen des 3D Drucks neu definiert. Anl\u00e4sslich des 10-j\u00e4hrigen Jubil\u00e4ums von NIRVAN JAVAN &#8211; dem Lebenswerk des gleichnamigen Designers &#8211; wurde die Kollektion als Hommage an die gemeinsame Heimatstadt des Duos entwickelt. F\u00fcr Nirvan Javan stellt [&hellip;]<\/p>\n","protected":false},"featured_media":14454,"template":"","meta":{"_acf_changed":false},"product_brand":[],"product_cat":[76],"product_tag":[],"class_list":{"0":"post-14480","1":"product","2":"type-product","3":"status-publish","4":"has-post-thumbnail","6":"collection-zurich-de","7":"product_cat-opticals-de","9":"first","10":"instock","11":"taxable","12":"shipping-taxable","13":"purchasable","14":"product-type-variable","15":"wvs-archive-product-wrapper"},"acf":[],"_links":{"self":[{"href":"https:\/\/nirvanjavan.com\/de\/wp-json\/wp\/v2\/product\/14480","targetHints":{"allow":["GET"]}}],"collection":[{"href":"https:\/\/nirvanjavan.com\/de\/wp-json\/wp\/v2\/product"}],"about":[{"href":"https:\/\/nirvanjavan.com\/de\/wp-json\/wp\/v2\/types\/product"}],"wp:featuredmedia":[{"embeddable":true,"href":"https:\/\/nirvanjavan.com\/de\/wp-json\/wp\/v2\/media\/14454"}],"wp:attachment":[{"href":"https:\/\/nirvanjavan.com\/de\/wp-json\/wp\/v2\/media?parent=14480"}],"wp:term":[{"taxonomy":"product_brand","embeddable":true,"href":"https:\/\/nirvanjavan.com\/de\/wp-json\/wp\/v2\/product_brand?post=14480"},{"taxonomy":"product_cat","embeddable":true,"href":"https:\/\/nirvanjavan.com\/de\/wp-json\/wp\/v2\/product_cat?post=14480"},{"taxonomy":"product_tag","embeddable":true,"href":"https:\/\/nirvanjavan.com\/de\/wp-json\/wp\/v2\/product_tag?post=14480"}],"curies":[{"name":"wp","href":"https:\/\/api.w.org\/{rel}","templated":true}]}}